{"id":303,"date":"2023-10-11T13:46:38","date_gmt":"2023-10-11T13:46:38","guid":{"rendered":"https:\/\/ganymed-gmbh.com\/?page_id=303"},"modified":"2024-01-26T08:05:08","modified_gmt":"2024-01-26T08:05:08","slug":"karriere","status":"publish","type":"page","link":"https:\/\/ganymed-gmbh.com\/index.php\/karriere\/","title":{"rendered":"Karriere"},"content":{"rendered":"\t\t<div data-elementor-type=\"wp-page\" data-elementor-id=\"303\" class=\"elementor elementor-303\" data-elementor-post-type=\"page\">\n\t\t\t\t<div class=\"elementor-element elementor-element-65113a05 e-flex e-con-boxed e-con e-parent\" data-id=\"65113a05\" data-element_type=\"container\" data-e-type=\"container\" data-settings=\"{&quot;background_background&quot;:&quot;gradient&quot;}\">\n\t\t\t\t\t<div class=\"e-con-inner\">\n\t\t<div class=\"elementor-element elementor-element-381ef386 e-con-full e-flex e-con e-child\" data-id=\"381ef386\" data-element_type=\"container\" data-e-type=\"container\">\n\t\t<div class=\"elementor-element elementor-element-166c258 e-con-full e-flex e-con e-child\" data-id=\"166c258\" data-element_type=\"container\" data-e-type=\"container\">\n\t\t\t\t<div class=\"elementor-element elementor-element-312b1ed4 elementor-widget elementor-widget-text-editor\" data-id=\"312b1ed4\" data-element_type=\"widget\" data-e-type=\"widget\" data-widget_type=\"text-editor.default\">\n\t\t\t\t<div class=\"elementor-widget-container\">\n\t\t\t\t\t\t\t\t\t<h1>Entfalte dein <span style=\"color: #0d0d73;\">Potenzial<\/span>\u00a0mit uns!<\/h1>\t\t\t\t\t\t\t\t<\/div>\n\t\t\t\t<\/div>\n\t\t\t\t<div class=\"elementor-element elementor-element-23ed4e8 elementor-widget elementor-widget-text-editor\" data-id=\"23ed4e8\" data-element_type=\"widget\" data-e-type=\"widget\" data-widget_type=\"text-editor.default\">\n\t\t\t\t<div class=\"elementor-widget-container\">\n\t\t\t\t\t\t\t\t\t<p>Wir legen gro\u00dfen Wert auf Qualit\u00e4t, Verantwortungsbewusstsein und Teamarbeit. Bei uns stehen die Bed\u00fcrfnisse und das Wohlbefinden der Mitarbeiter im Mittelpunkt. Unsere engagierten Mitarbeiterinnen und Mitarbeiter arbeiten in einem unterst\u00fctzenden Umfeld, in dem sie ihr volles Potenzial entfalten k\u00f6nnen. Unseren Mitarbeiterinnen und Mitarbeitern bieten wir eine Vielzahl von M\u00f6glichkeiten zur beruflichen Entwicklung, daher investieren wir in die fachliche und pers\u00f6nliche Weiterbildung. In unserem Team haben Sie die Chance, mit Fachkr\u00e4ften zusammenzuarbeiten und von deren Erfahrungsschatz zu profitieren.<\/p><p>Wir f\u00f6rdern eine Kultur der Offenheit, des Respekts und der Zusammenarbeit, in der jede Stimme geh\u00f6rt wird. Neben attraktiven Arbeitsbedingungen und Benefits bieten wir auch eine gute Work-Life-Balance. Wenn Sie nach einer erf\u00fcllenden beruflichen Herausforderung suchen, in der Sie Ihre medizinischen F\u00e4higkeiten einbringen und sich weiterentwickeln m\u00f6chten, laden wir Sie herzlich ein, sich bei uns zu bewerben. Werden Sie Teil unseres engagierten Teams und tragen Sie dazu bei, das Leben von Menschen zu verbessern.<\/p><p>Wir freuen uns darauf, von Ihnen zu h\u00f6ren!<\/p>\t\t\t\t\t\t\t\t<\/div>\n\t\t\t\t<\/div>\n\t\t\t\t<div class=\"elementor-element elementor-element-1cfa1087 elementor-mobile-align-center elementor-widget elementor-widget-button\" data-id=\"1cfa1087\" data-element_type=\"widget\" data-e-type=\"widget\" data-widget_type=\"button.default\">\n\t\t\t\t<div class=\"elementor-widget-container\">\n\t\t\t\t\t\t\t\t\t<div class=\"elementor-button-wrapper\">\n\t\t\t\t\t<a class=\"elementor-button elementor-button-link elementor-size-sm\" href=\"mailto:bewerbungen@ganymed-gmbh.com\">\n\t\t\t\t\t\t<span class=\"elementor-button-content-wrapper\">\n\t\t\t\t\t\t\t\t\t<span class=\"elementor-button-text\">Werde ein Teil von uns<\/span>\n\t\t\t\t\t<\/span>\n\t\t\t\t\t<\/a>\n\t\t\t\t<\/div>\n\t\t\t\t\t\t\t\t<\/div>\n\t\t\t\t<\/div>\n\t\t\t\t<\/div>\n\t\t<div class=\"elementor-element elementor-element-15231dcf e-con-full e-flex e-con e-child\" data-id=\"15231dcf\" data-element_type=\"container\" data-e-type=\"container\">\n\t\t\t\t<div class=\"elementor-element elementor-element-2770fd02 elementor-widget elementor-widget-image\" data-id=\"2770fd02\" data-element_type=\"widget\" data-e-type=\"widget\" data-widget_type=\"image.default\">\n\t\t\t\t<div class=\"elementor-widget-container\">\n\t\t\t\t\t\t\t\t\t\t\t\t\t\t\t<img fetchpriority=\"high\" decoding=\"async\" width=\"800\" height=\"921\" src=\"https:\/\/ganymed-gmbh.com\/wp-content\/uploads\/2023\/11\/Group-120-3-889x1024.png\" class=\"attachment-large size-large wp-image-1135\" alt=\"\" srcset=\"https:\/\/ganymed-gmbh.com\/wp-content\/uploads\/2023\/11\/Group-120-3-889x1024.png 889w, https:\/\/ganymed-gmbh.com\/wp-content\/uploads\/2023\/11\/Group-120-3-260x300.png 260w, https:\/\/ganymed-gmbh.com\/wp-content\/uploads\/2023\/11\/Group-120-3-768x885.png 768w, https:\/\/ganymed-gmbh.com\/wp-content\/uploads\/2023\/11\/Group-120-3-1333x1536.png 1333w, https:\/\/ganymed-gmbh.com\/wp-content\/uploads\/2023\/11\/Group-120-3-1778x2048.png 1778w, https:\/\/ganymed-gmbh.com\/wp-content\/uploads\/2023\/11\/Group-120-3.png 1896w\" sizes=\"(max-width: 800px) 100vw, 800px\" \/>\t\t\t\t\t\t\t\t\t\t\t\t\t\t\t<\/div>\n\t\t\t\t<\/div>\n\t\t\t\t<\/div>\n\t\t\t\t<\/div>\n\t\t\t\t\t<\/div>\n\t\t\t\t<\/div>\n\t\t<div class=\"elementor-element elementor-element-eec232e e-flex e-con-boxed e-con e-parent\" data-id=\"eec232e\" data-element_type=\"container\" data-e-type=\"container\">\n\t\t\t\t\t<div class=\"e-con-inner\">\n\t\t<div class=\"elementor-element elementor-element-c80f94c e-con-full e-flex e-con e-child\" data-id=\"c80f94c\" data-element_type=\"container\" data-e-type=\"container\" data-settings=\"{&quot;background_background&quot;:&quot;classic&quot;}\">\n\t\t<div class=\"elementor-element elementor-element-75bac1e e-flex e-con-boxed e-con e-child\" data-id=\"75bac1e\" data-element_type=\"container\" data-e-type=\"container\" data-settings=\"{&quot;background_background&quot;:&quot;classic&quot;}\">\n\t\t\t\t\t<div class=\"e-con-inner\">\n\t\t\t\t<div class=\"elementor-element elementor-element-de1eb72 elementor-widget elementor-widget-heading\" data-id=\"de1eb72\" data-element_type=\"widget\" data-e-type=\"widget\" data-widget_type=\"heading.default\">\n\t\t\t\t<div class=\"elementor-widget-container\">\n\t\t\t\t\t<h4 class=\"elementor-heading-title elementor-size-default\">Stellenausschreibung<\/h4>\t\t\t\t<\/div>\n\t\t\t\t<\/div>\n\t\t\t\t<div class=\"elementor-element elementor-element-3e9ab07 elementor-icon-list--layout-traditional elementor-list-item-link-full_width elementor-widget elementor-widget-icon-list\" data-id=\"3e9ab07\" data-element_type=\"widget\" data-e-type=\"widget\" data-widget_type=\"icon-list.default\">\n\t\t\t\t<div class=\"elementor-widget-container\">\n\t\t\t\t\t\t\t<ul class=\"elementor-icon-list-items\">\n\t\t\t\t\t\t\t<li class=\"elementor-icon-list-item\">\n\t\t\t\t\t\t\t\t\t\t\t<span class=\"elementor-icon-list-icon\">\n\t\t\t\t\t\t\t<i aria-hidden=\"true\" class=\"fas fa-circle\"><\/i>\t\t\t\t\t\t<\/span>\n\t\t\t\t\t\t\t\t\t\t<span class=\"elementor-icon-list-text\">Arbeits-\/Betriebsmediziner (m\/w\/d) oder Arzt in Weiterbildung (m\/w\/d)<\/span>\n\t\t\t\t\t\t\t\t\t<\/li>\n\t\t\t\t\t\t\t\t<li class=\"elementor-icon-list-item\">\n\t\t\t\t\t\t\t\t\t\t\t<span class=\"elementor-icon-list-icon\">\n\t\t\t\t\t\t\t<i aria-hidden=\"true\" class=\"fas fa-circle\"><\/i>\t\t\t\t\t\t<\/span>\n\t\t\t\t\t\t\t\t\t\t<span class=\"elementor-icon-list-text\">Initiativbewerbung<\/span>\n\t\t\t\t\t\t\t\t\t<\/li>\n\t\t\t\t\t\t<\/ul>\n\t\t\t\t\t\t<\/div>\n\t\t\t\t<\/div>\n\t\t\t\t<div class=\"elementor-element elementor-element-7fb495c elementor-widget elementor-widget-heading\" data-id=\"7fb495c\" data-element_type=\"widget\" data-e-type=\"widget\" data-widget_type=\"heading.default\">\n\t\t\t\t<div class=\"elementor-widget-container\">\n\t\t\t\t\t<h5 class=\"elementor-heading-title elementor-size-default\">Bewerben Sie sich unter<\/h5>\t\t\t\t<\/div>\n\t\t\t\t<\/div>\n\t\t\t\t<div class=\"elementor-element elementor-element-dfbadf2 elementor-icon-list--layout-traditional elementor-list-item-link-full_width elementor-widget elementor-widget-icon-list\" data-id=\"dfbadf2\" data-element_type=\"widget\" data-e-type=\"widget\" data-widget_type=\"icon-list.default\">\n\t\t\t\t<div class=\"elementor-widget-container\">\n\t\t\t\t\t\t\t<ul class=\"elementor-icon-list-items\">\n\t\t\t\t\t\t\t<li class=\"elementor-icon-list-item\">\n\t\t\t\t\t\t\t\t\t\t\t<a href=\"mailto:bewerbungen@ganymed-gmbh.com\">\n\n\t\t\t\t\t\t\t\t\t\t\t\t<span class=\"elementor-icon-list-icon\">\n\t\t\t\t\t\t\t<i aria-hidden=\"true\" class=\"fas fa-envelope\"><\/i>\t\t\t\t\t\t<\/span>\n\t\t\t\t\t\t\t\t\t\t<span class=\"elementor-icon-list-text\">bewerbungen@ganymed-gmbh.com<\/span>\n\t\t\t\t\t\t\t\t\t\t\t<\/a>\n\t\t\t\t\t\t\t\t\t<\/li>\n\t\t\t\t\t\t<\/ul>\n\t\t\t\t\t\t<\/div>\n\t\t\t\t<\/div>\n\t\t\t\t\t<\/div>\n\t\t\t\t<\/div>\n\t\t\t\t<\/div>\n\t\t\t\t\t<\/div>\n\t\t\t\t<\/div>\n\t\t\t\t<\/div>\n\t\t","protected":false},"excerpt":{"rendered":"<p>Entfalte dein Potenzial\u00a0mit uns! Wir legen gro\u00dfen Wert auf Qualit\u00e4t, Verantwortungsbewusstsein und Teamarbeit. Bei uns stehen die Bed\u00fcrfnisse und das Wohlbefinden der Mitarbeiter im Mittelpunkt. Unsere engagierten Mitarbeiterinnen und Mitarbeiter arbeiten in einem unterst\u00fctzenden Umfeld, in dem sie ihr volles Potenzial entfalten k\u00f6nnen. Unseren Mitarbeiterinnen und Mitarbeitern bieten wir eine Vielzahl von M\u00f6glichkeiten zur beruflichen [&hellip;]<\/p>\n","protected":false},"author":1,"featured_media":0,"parent":0,"menu_order":0,"comment_status":"closed","ping_status":"closed","template":"","meta":{"footnotes":""},"class_list":["post-303","page","type-page","status-publish","hentry"],"yoast_head":"<!-- This site is optimized with the Yoast SEO plugin v27.2 - https:\/\/yoast.com\/product\/yoast-seo-wordpress\/ -->\n<title>Karriere - GanyMED<\/title>\n<meta name=\"robots\" content=\"index, follow, max-snippet:-1, max-image-preview:large, max-video-preview:-1\" \/>\n<link rel=\"canonical\" href=\"https:\/\/ganymed-gmbh.com\/index.php\/karriere\/\" \/>\n<meta property=\"og:locale\" content=\"de_DE\" \/>\n<meta property=\"og:type\" content=\"article\" \/>\n<meta property=\"og:title\" content=\"Karriere - GanyMED\" \/>\n<meta property=\"og:description\" content=\"Entfalte dein Potenzial\u00a0mit uns! Wir legen gro\u00dfen Wert auf Qualit\u00e4t, Verantwortungsbewusstsein und Teamarbeit. Bei uns stehen die Bed\u00fcrfnisse und das Wohlbefinden der Mitarbeiter im Mittelpunkt. Unsere engagierten Mitarbeiterinnen und Mitarbeiter arbeiten in einem unterst\u00fctzenden Umfeld, in dem sie ihr volles Potenzial entfalten k\u00f6nnen. Unseren Mitarbeiterinnen und Mitarbeitern bieten wir eine Vielzahl von M\u00f6glichkeiten zur beruflichen [&hellip;]\" \/>\n<meta property=\"og:url\" content=\"https:\/\/ganymed-gmbh.com\/index.php\/karriere\/\" \/>\n<meta property=\"og:site_name\" content=\"GanyMED\" \/>\n<meta property=\"article:modified_time\" content=\"2024-01-26T08:05:08+00:00\" \/>\n<meta property=\"og:image\" content=\"https:\/\/ganymed-gmbh.com\/wp-content\/uploads\/2023\/11\/Group-120-3-889x1024.png\" \/>\n<meta name=\"twitter:card\" content=\"summary_large_image\" \/>\n<meta name=\"twitter:label1\" content=\"Gesch\u00e4tzte Lesezeit\" \/>\n\t<meta name=\"twitter:data1\" content=\"2\u00a0Minuten\" \/>\n<script type=\"application\/ld+json\" class=\"yoast-schema-graph\">{\"@context\":\"https:\/\/schema.org\",\"@graph\":[{\"@type\":\"WebPage\",\"@id\":\"https:\/\/ganymed-gmbh.com\/index.php\/karriere\/\",\"url\":\"https:\/\/ganymed-gmbh.com\/index.php\/karriere\/\",\"name\":\"Karriere - GanyMED\",\"isPartOf\":{\"@id\":\"https:\/\/ganymed-gmbh.com\/#website\"},\"primaryImageOfPage\":{\"@id\":\"https:\/\/ganymed-gmbh.com\/index.php\/karriere\/#primaryimage\"},\"image\":{\"@id\":\"https:\/\/ganymed-gmbh.com\/index.php\/karriere\/#primaryimage\"},\"thumbnailUrl\":\"https:\/\/ganymed-gmbh.com\/wp-content\/uploads\/2023\/11\/Group-120-3-889x1024.png\",\"datePublished\":\"2023-10-11T13:46:38+00:00\",\"dateModified\":\"2024-01-26T08:05:08+00:00\",\"breadcrumb\":{\"@id\":\"https:\/\/ganymed-gmbh.com\/index.php\/karriere\/#breadcrumb\"},\"inLanguage\":\"de\",\"potentialAction\":[{\"@type\":\"ReadAction\",\"target\":[\"https:\/\/ganymed-gmbh.com\/index.php\/karriere\/\"]}]},{\"@type\":\"ImageObject\",\"inLanguage\":\"de\",\"@id\":\"https:\/\/ganymed-gmbh.com\/index.php\/karriere\/#primaryimage\",\"url\":\"https:\/\/ganymed-gmbh.com\/wp-content\/uploads\/2023\/11\/Group-120-3.png\",\"contentUrl\":\"https:\/\/ganymed-gmbh.com\/wp-content\/uploads\/2023\/11\/Group-120-3.png\",\"width\":1896,\"height\":2184},{\"@type\":\"BreadcrumbList\",\"@id\":\"https:\/\/ganymed-gmbh.com\/index.php\/karriere\/#breadcrumb\",\"itemListElement\":[{\"@type\":\"ListItem\",\"position\":1,\"name\":\"Startseite\",\"item\":\"https:\/\/ganymed-gmbh.com\/\"},{\"@type\":\"ListItem\",\"position\":2,\"name\":\"Karriere\"}]},{\"@type\":\"WebSite\",\"@id\":\"https:\/\/ganymed-gmbh.com\/#website\",\"url\":\"https:\/\/ganymed-gmbh.com\/\",\"name\":\"GanyMED\",\"description\":\"\",\"publisher\":{\"@id\":\"https:\/\/ganymed-gmbh.com\/#organization\"},\"potentialAction\":[{\"@type\":\"SearchAction\",\"target\":{\"@type\":\"EntryPoint\",\"urlTemplate\":\"https:\/\/ganymed-gmbh.com\/?s={search_term_string}\"},\"query-input\":{\"@type\":\"PropertyValueSpecification\",\"valueRequired\":true,\"valueName\":\"search_term_string\"}}],\"inLanguage\":\"de\"},{\"@type\":\"Organization\",\"@id\":\"https:\/\/ganymed-gmbh.com\/#organization\",\"name\":\"GanyMED\",\"url\":\"https:\/\/ganymed-gmbh.com\/\",\"logo\":{\"@type\":\"ImageObject\",\"inLanguage\":\"de\",\"@id\":\"https:\/\/ganymed-gmbh.com\/#\/schema\/logo\/image\/\",\"url\":\"https:\/\/ganymed-gmbh.com\/wp-content\/uploads\/2023\/10\/Logo-hero-section.png\",\"contentUrl\":\"https:\/\/ganymed-gmbh.com\/wp-content\/uploads\/2023\/10\/Logo-hero-section.png\",\"width\":436,\"height\":96,\"caption\":\"GanyMED\"},\"image\":{\"@id\":\"https:\/\/ganymed-gmbh.com\/#\/schema\/logo\/image\/\"}}]}<\/script>\n<!-- \/ Yoast SEO plugin. -->","yoast_head_json":{"title":"Karriere - GanyMED","robots":{"index":"index","follow":"follow","max-snippet":"max-snippet:-1","max-image-preview":"max-image-preview:large","max-video-preview":"max-video-preview:-1"},"canonical":"https:\/\/ganymed-gmbh.com\/index.php\/karriere\/","og_locale":"de_DE","og_type":"article","og_title":"Karriere - GanyMED","og_description":"Entfalte dein Potenzial\u00a0mit uns! Wir legen gro\u00dfen Wert auf Qualit\u00e4t, Verantwortungsbewusstsein und Teamarbeit. Bei uns stehen die Bed\u00fcrfnisse und das Wohlbefinden der Mitarbeiter im Mittelpunkt. Unsere engagierten Mitarbeiterinnen und Mitarbeiter arbeiten in einem unterst\u00fctzenden Umfeld, in dem sie ihr volles Potenzial entfalten k\u00f6nnen. Unseren Mitarbeiterinnen und Mitarbeitern bieten wir eine Vielzahl von M\u00f6glichkeiten zur beruflichen [&hellip;]","og_url":"https:\/\/ganymed-gmbh.com\/index.php\/karriere\/","og_site_name":"GanyMED","article_modified_time":"2024-01-26T08:05:08+00:00","og_image":[{"url":"https:\/\/ganymed-gmbh.com\/wp-content\/uploads\/2023\/11\/Group-120-3-889x1024.png","type":"","width":"","height":""}],"twitter_card":"summary_large_image","twitter_misc":{"Gesch\u00e4tzte Lesezeit":"2\u00a0Minuten"},"schema":{"@context":"https:\/\/schema.org","@graph":[{"@type":"WebPage","@id":"https:\/\/ganymed-gmbh.com\/index.php\/karriere\/","url":"https:\/\/ganymed-gmbh.com\/index.php\/karriere\/","name":"Karriere - GanyMED","isPartOf":{"@id":"https:\/\/ganymed-gmbh.com\/#website"},"primaryImageOfPage":{"@id":"https:\/\/ganymed-gmbh.com\/index.php\/karriere\/#primaryimage"},"image":{"@id":"https:\/\/ganymed-gmbh.com\/index.php\/karriere\/#primaryimage"},"thumbnailUrl":"https:\/\/ganymed-gmbh.com\/wp-content\/uploads\/2023\/11\/Group-120-3-889x1024.png","datePublished":"2023-10-11T13:46:38+00:00","dateModified":"2024-01-26T08:05:08+00:00","breadcrumb":{"@id":"https:\/\/ganymed-gmbh.com\/index.php\/karriere\/#breadcrumb"},"inLanguage":"de","potentialAction":[{"@type":"ReadAction","target":["https:\/\/ganymed-gmbh.com\/index.php\/karriere\/"]}]},{"@type":"ImageObject","inLanguage":"de","@id":"https:\/\/ganymed-gmbh.com\/index.php\/karriere\/#primaryimage","url":"https:\/\/ganymed-gmbh.com\/wp-content\/uploads\/2023\/11\/Group-120-3.png","contentUrl":"https:\/\/ganymed-gmbh.com\/wp-content\/uploads\/2023\/11\/Group-120-3.png","width":1896,"height":2184},{"@type":"BreadcrumbList","@id":"https:\/\/ganymed-gmbh.com\/index.php\/karriere\/#breadcrumb","itemListElement":[{"@type":"ListItem","position":1,"name":"Startseite","item":"https:\/\/ganymed-gmbh.com\/"},{"@type":"ListItem","position":2,"name":"Karriere"}]},{"@type":"WebSite","@id":"https:\/\/ganymed-gmbh.com\/#website","url":"https:\/\/ganymed-gmbh.com\/","name":"GanyMED","description":"","publisher":{"@id":"https:\/\/ganymed-gmbh.com\/#organization"},"potentialAction":[{"@type":"SearchAction","target":{"@type":"EntryPoint","urlTemplate":"https:\/\/ganymed-gmbh.com\/?s={search_term_string}"},"query-input":{"@type":"PropertyValueSpecification","valueRequired":true,"valueName":"search_term_string"}}],"inLanguage":"de"},{"@type":"Organization","@id":"https:\/\/ganymed-gmbh.com\/#organization","name":"GanyMED","url":"https:\/\/ganymed-gmbh.com\/","logo":{"@type":"ImageObject","inLanguage":"de","@id":"https:\/\/ganymed-gmbh.com\/#\/schema\/logo\/image\/","url":"https:\/\/ganymed-gmbh.com\/wp-content\/uploads\/2023\/10\/Logo-hero-section.png","contentUrl":"https:\/\/ganymed-gmbh.com\/wp-content\/uploads\/2023\/10\/Logo-hero-section.png","width":436,"height":96,"caption":"GanyMED"},"image":{"@id":"https:\/\/ganymed-gmbh.com\/#\/schema\/logo\/image\/"}}]}},"_links":{"self":[{"href":"https:\/\/ganymed-gmbh.com\/index.php\/wp-json\/wp\/v2\/pages\/303","targetHints":{"allow":["GET"]}}],"collection":[{"href":"https:\/\/ganymed-gmbh.com\/index.php\/wp-json\/wp\/v2\/pages"}],"about":[{"href":"https:\/\/ganymed-gmbh.com\/index.php\/wp-json\/wp\/v2\/types\/page"}],"author":[{"embeddable":true,"href":"https:\/\/ganymed-gmbh.com\/index.php\/wp-json\/wp\/v2\/users\/1"}],"replies":[{"embeddable":true,"href":"https:\/\/ganymed-gmbh.com\/index.php\/wp-json\/wp\/v2\/comments?post=303"}],"version-history":[{"count":83,"href":"https:\/\/ganymed-gmbh.com\/index.php\/wp-json\/wp\/v2\/pages\/303\/revisions"}],"predecessor-version":[{"id":1540,"href":"https:\/\/ganymed-gmbh.com\/index.php\/wp-json\/wp\/v2\/pages\/303\/revisions\/1540"}],"wp:attachment":[{"href":"https:\/\/ganymed-gmbh.com\/index.php\/wp-json\/wp\/v2\/media?parent=303"}],"curies":[{"name":"wp","href":"https:\/\/api.w.org\/{rel}","templated":true}]}}